{"id":49,"date":"2017-12-11T16:06:40","date_gmt":"2017-12-11T16:06:40","guid":{"rendered":"http:\/\/rabelais.navweb.fr\/?post_type=product&#038;p=49"},"modified":"2018-01-18T12:52:32","modified_gmt":"2018-01-18T12:52:32","slug":"kit-epices-rabelais","status":"publish","type":"product","link":"http:\/\/rabelais.navweb.fr\/?product=kit-epices-rabelais","title":{"rendered":"Livre 150 recettes + 1 boite \u00c9pices Rabelais 50grs"},"content":{"rendered":"<p>D\u00e9couvrez 150 recettes \u00e0 base d&rsquo;\u00e9pices Rabelais.<\/p>\n<p>C&rsquo;est un recueil des meilleures recettes issues d&rsquo;un concours de passionn\u00e9s des \u00e9pice Rabelais<\/p>\n<p>Le livre est accompagn\u00e9 d&rsquo;une boite d&rsquo;Epices Rabelais<\/p>\n","protected":false},"excerpt":{"rendered":"<p>D\u00e9couvrez 150 recettes \u00e0 base d&rsquo;\u00e9pices Rabelais. C&rsquo;est un recueil des meilleures recettes issues d&rsquo;un concours de passionn\u00e9s des \u00e9pice Rabelais Le livre est accompagn\u00e9 d&rsquo;une boite d&rsquo;Epices Rabelais<\/p>\n","protected":false},"featured_media":50,"template":"","meta":[],"_links":{"self":[{"href":"http:\/\/rabelais.navweb.fr\/index.php?rest_route=\/wp\/v2\/product\/49"}],"collection":[{"href":"http:\/\/rabelais.navweb.fr\/index.php?rest_route=\/wp\/v2\/product"}],"about":[{"href":"http:\/\/rabelais.navweb.fr\/index.php?rest_route=\/wp\/v2\/types\/product"}],"wp:featuredmedia":[{"embeddable":true,"href":"http:\/\/rabelais.navweb.fr\/index.php?rest_route=\/wp\/v2\/media\/50"}],"wp:attachment":[{"href":"http:\/\/rabelais.navweb.fr\/index.php?rest_route=%2Fwp%2Fv2%2Fmedia&parent=49"}],"curies":[{"name":"wp","href":"https:\/\/api.w.org\/{rel}","templated":true}]}}