{"id":171,"date":"2018-01-18T13:00:56","date_gmt":"2018-01-18T13:00:56","guid":{"rendered":"http:\/\/rabelais.navweb.fr\/?post_type=product&#038;p=171"},"modified":"2018-01-18T13:02:43","modified_gmt":"2018-01-18T13:02:43","slug":"livre-150-recettes","status":"publish","type":"product","link":"http:\/\/rabelais.navweb.fr\/?product=livre-150-recettes","title":{"rendered":"Livre 150 recettes"},"content":{"rendered":"<p>D\u00e9couvrez 150 recettes \u00e0 base d&rsquo;\u00e9pices Rabelais.<\/p>\n<p>C&rsquo;est un recueil des meilleures recettes issues d&rsquo;un concours de passionn\u00e9s des \u00e9pice Rabelais<\/p>\n","protected":false},"excerpt":{"rendered":"<p>D\u00e9couvrez 150 recettes \u00e0 base d&rsquo;\u00e9pices Rabelais. C&rsquo;est un recueil des meilleures recettes issues d&rsquo;un concours de passionn\u00e9s des \u00e9pice Rabelais<\/p>\n","protected":false},"featured_media":95,"template":"","meta":[],"_links":{"self":[{"href":"http:\/\/rabelais.navweb.fr\/index.php?rest_route=\/wp\/v2\/product\/171"}],"collection":[{"href":"http:\/\/rabelais.navweb.fr\/index.php?rest_route=\/wp\/v2\/product"}],"about":[{"href":"http:\/\/rabelais.navweb.fr\/index.php?rest_route=\/wp\/v2\/types\/product"}],"wp:featuredmedia":[{"embeddable":true,"href":"http:\/\/rabelais.navweb.fr\/index.php?rest_route=\/wp\/v2\/media\/95"}],"wp:attachment":[{"href":"http:\/\/rabelais.navweb.fr\/index.php?rest_route=%2Fwp%2Fv2%2Fmedia&parent=171"}],"curies":[{"name":"wp","href":"https:\/\/api.w.org\/{rel}","templated":true}]}}